{"id":121,"date":"2021-12-28T09:45:52","date_gmt":"2021-12-28T12:45:52","guid":{"rendered":"http:\/\/localhost\/simea2022\/?page_id=121"},"modified":"2025-07-01T08:44:08","modified_gmt":"2025-07-01T11:44:08","slug":"technical-committee","status":"publish","type":"page","link":"https:\/\/simea.org.br\/2025\/en\/technical-committee\/","title":{"rendered":"Technical Committee"},"content":{"rendered":"<p><\/p>\n<p id=\"tw-target-text\" class=\"tw-data-text tw-text-large tw-ta\" dir=\"ltr\" data-placeholder=\"Tradu\u00e7\u00e3o\"><strong><span class=\"Y2IQFc\" lang=\"en\">Members of the SIMEA 2025 Technical Commission<\/span><\/strong><\/p>\n<p dir=\"ltr\" data-placeholder=\"Tradu\u00e7\u00e3o\">&nbsp;<\/p>\n<p dir=\"ltr\" data-placeholder=\"Tradu\u00e7\u00e3o\"><strong>Coordinator: Ronaldo Salvagni, Poli-USP<\/strong><\/p>\n<p dir=\"ltr\" data-placeholder=\"Tradu\u00e7\u00e3o\">&nbsp;<\/p>\n<p>Alessandro Depetris, IVECO<\/p>\n<p>Andr\u00e9 de Arruda Falc\u00e3o Maranh\u00e3o, Omoda\/Jaecoo<\/p>\n<p>Andre Luiz Silva Forcetto, CETESB<\/p>\n<p>Argemiro L. de Arag\u00e3o Costa, Prometeon<\/p>\n<p>Arnaldo Freitas Camar\u00e3o, Consultor<\/p>\n<p>Caio Cesar Ridigolo, Cummins<\/p>\n<p>Charles Lima Bessa Assun\u00e7\u00e3o, Petrobras<\/p>\n<p>Christian Michael Wahnfried, Bosch<\/p>\n<p>Cleber Willian Gomes, Volkswagen<\/p>\n<p>Cristiane Dias, CETESB<\/p>\n<p>Demetrio Cornilios Zachariadis, Poli-USP<\/p>\n<p>Douglas de Paula e Silva, Metal-Exato<\/p>\n<p>Edmilson Dias de Freitas, IAG-USP<\/p>\n<p>Edson Paixao, Umicore<\/p>\n<p>Elcio Luiz Farah, AFEEVAS<\/p>\n<p>Eloy Raposo Mathias J\u00fanior, CETESB<\/p>\n<p>Felipe Vilasboas, General Motors<\/p>\n<p>Fernanda Saad, Applus + IDIADA<\/p>\n<p>Fernando Fusco Rovai, VW do Brasil \/ FEI<\/p>\n<p>Fernando Luiz Windlin, Marelli<\/p>\n<p>Fernando Malvezzi, Mau\u00e1<\/p>\n<p>Filipe Silva, Bosch<\/p>\n<p>Filipi Martins Fernandes Silva, Mau\u00e1<\/p>\n<p>Flavio Groh, Fatec Taubat\u00e9<\/p>\n<p>Frederico Gualberto, Renault<\/p>\n<p>Gabriel Fanti, Volkswagen<\/p>\n<p>Gilberto Francisco Martha de Souza, Poli-USP<\/p>\n<p>Gilvan Rossi, General Motors\/Maua<\/p>\n<p>Gino Montanari, Marelli<\/p>\n<p>Guilherme Canuto da Silva, UFABC<\/p>\n<p>Haraldo Rehder, Rehder<\/p>\n<p>Jaime Hideo Izuka, UNICAMP<\/p>\n<p>Jairo de Lima Souza, Alubar Global Management<\/p>\n<p>Jos\u00e9 Danilo Haick Tavares, DORF KETAL<\/p>\n<p>Jos\u00e9 Roberto Turrini, DAMPER SOLUTIONS HUNTER<\/p>\n<p>Julio Cesar L. Alves, Consultor<\/p>\n<p>Keurrie Cipriano Goes, Petrobras<\/p>\n<p>Leonardo Macarr\u00e3o J\u00fanior, ESEG<\/p>\n<p>Luciano Abrahao, Daimler<\/p>\n<p>Luiz Eduardo Lopes, Poli-USP<\/p>\n<p>Marcelo Massarani, Poli-USP<\/p>\n<p>Marcelo Vieira Alves, Petrobras<\/p>\n<p>M\u00e1rcio Yamawaki, OLILAB<\/p>\n<p>Marco Antonio Zanussi Barreto, FEI<\/p>\n<p>Marcos Langeani, Next Engine<\/p>\n<p>Mario Reis Pinto, Mercedes<\/p>\n<p>Maur\u00edcio Assump\u00e7\u00e3o Trielli, Poli-USP<\/p>\n<p>Maur\u00edcio Carmona, aposentado<\/p>\n<p>Nilton Shiraiwa, Consultor<\/p>\n<p>Patricia Bem, Volvo<\/p>\n<p>Paulo Mascarenhas Bueno, PMBconsultig<\/p>\n<p>Paulo Roberto Wander, UNISINOS<\/p>\n<p>Raphael Marinho Lomonaco Neto, CUMMINS<\/p>\n<p>Raul Pimentel Maia, Robert Bosch Limitada<\/p>\n<p>Renan Pizii, General Motors<\/p>\n<p>Renato Linke,<\/p>\n<p>Ricardo Nakamura, Poli-USP<\/p>\n<p>Roberto Pinto de Oliveira, RPO Automa\u00e7\u00e3o<\/p>\n<p>Roberto Spinola Barbosa, Poli-USP<\/p>\n<p>Rodrigo Cesar da Costa Fogueral, Marcopolo<\/p>\n<p>Roger Valeri Daleffe, Iconic<\/p>\n<p>Rog\u00e9rio Gon\u00e7alves dos Santos, UNICAMP<\/p>\n<p>Sergio Roberto Amaral, VWCO \/ UNESA<\/p>\n<p>Tadeu Cavalcante Cordeiro de Melo, Petrobras<\/p>\n<p>Ugo Ibusuki, UFABC<\/p>\n<p>Victor Gomes Simao, INMETRO<\/p>\n<p>William Manjud Maluf Filho, EPUSP<\/p>","protected":false},"excerpt":{"rendered":"<p>Members of the SIMEA 2025 Technical Commission &nbsp; Coordinator: Ronaldo Salvagni, Poli-USP &nbsp; Alessandro Depetris, IVECO Andr\u00e9 de Arruda Falc\u00e3o Maranh\u00e3o, Omoda\/Jaecoo Andre Luiz Silva Forcetto, CETESB Argemiro L. de Arag\u00e3o Costa, Prometeon Arnaldo Freitas Camar\u00e3o, Consultor Caio Cesar Ridigolo, Cummins Charles Lima Bessa Assun\u00e7\u00e3o, Petrobras Christian Michael Wahnfried, Bosch Cleber Willian Gomes, Volkswagen Cristiane Dias, CETESB Demetrio Cornilios Zachariadis, Poli-USP Douglas de Paula e Silva, Metal-Exato Edmilson Dias de [&hellip;]<\/p>\n","protected":false},"author":1,"featured_media":0,"parent":0,"menu_order":3,"comment_status":"closed","ping_status":"closed","template":"other_template.php","meta":{"_acf_changed":false,"ngg_post_thumbnail":0,"footnotes":""},"class_list":["post-121","page","type-page","status-publish","hentry"],"acf":[],"_links":{"self":[{"href":"https:\/\/simea.org.br\/2025\/en\/wp-json\/wp\/v2\/pages\/121","targetHints":{"allow":["GET"]}}],"collection":[{"href":"https:\/\/simea.org.br\/2025\/en\/wp-json\/wp\/v2\/pages"}],"about":[{"href":"https:\/\/simea.org.br\/2025\/en\/wp-json\/wp\/v2\/types\/page"}],"author":[{"embeddable":true,"href":"https:\/\/simea.org.br\/2025\/en\/wp-json\/wp\/v2\/users\/1"}],"replies":[{"embeddable":true,"href":"https:\/\/simea.org.br\/2025\/en\/wp-json\/wp\/v2\/comments?post=121"}],"version-history":[{"count":21,"href":"https:\/\/simea.org.br\/2025\/en\/wp-json\/wp\/v2\/pages\/121\/revisions"}],"predecessor-version":[{"id":2089,"href":"https:\/\/simea.org.br\/2025\/en\/wp-json\/wp\/v2\/pages\/121\/revisions\/2089"}],"wp:attachment":[{"href":"https:\/\/simea.org.br\/2025\/en\/wp-json\/wp\/v2\/media?parent=121"}],"curies":[{"name":"wp","href":"https:\/\/api.w.org\/{rel}","templated":true}]}}