{"id":1922,"date":"2024-08-30T16:08:58","date_gmt":"2024-08-30T19:08:58","guid":{"rendered":"https:\/\/simea.org.br\/2024\/?page_id=1922"},"modified":"2025-08-18T15:41:49","modified_gmt":"2025-08-18T18:41:49","slug":"ranking-tecnologico","status":"publish","type":"page","link":"https:\/\/simea.org.br\/2025\/en\/ranking-tecnologico\/","title":{"rendered":"Technological Ranking"},"content":{"rendered":"<p><\/p>\n<table border=\"1\">\n<tbody>\n<tr bgcolor=\"#24256a\">\n<td align=\"center\" width=\"15%\"><span style=\"color: #ffffff;\"><strong>Order<\/strong><\/span><\/td>\n<td align=\"center\" width=\"15%\"><span style=\"color: #ffffff;\"><strong>Papers<\/strong><\/span><br \/>\n<span style=\"color: #ffffff;\"><strong>(cada)<\/strong><\/span><\/td>\n<td align=\"center\" width=\"70%\"><span style=\"color: #ffffff;\"><strong>Company \/ University (general)<\/strong><\/span><br \/>\n<span style=\"color: #ffffff;\"><strong>(Papers)<\/strong><\/span><\/td>\n<\/tr>\n<tr bgcolor=\"#cccccc\">\n<td align=\"center\" width=\"15%\"><strong>1\u00ba<\/strong><\/td>\n<td align=\"center\" width=\"15%\"><strong>9<\/strong><\/td>\n<td align=\"center\" width=\"70%\"><strong>Robert Bosch Ltda<\/strong><\/td>\n<\/tr>\n<tr>\n<td align=\"center\" width=\"15%\">2\u00ba<\/td>\n<td align=\"center\" width=\"15%\">6<\/td>\n<td align=\"center\" width=\"70%\"><strong>Poli-USP; Volkswagen<\/strong><\/td>\n<\/tr>\n<tr bgcolor=\"#cccccc\">\n<td align=\"center\" width=\"15%\">3\u00ba<\/td>\n<td align=\"center\" width=\"15%\">5<\/td>\n<td align=\"center\" width=\"70%\"><strong>PETROBRAS<\/strong><\/td>\n<\/tr>\n<tr>\n<td align=\"center\" width=\"15%\">4\u00ba<\/td>\n<td align=\"center\" width=\"15%\">4<\/td>\n<td align=\"center\" width=\"70%\"><strong>Horse; Univ. Tecnol\u00f3gica Federal do Paran\u00e1 \u2013 UTFPR<\/strong><\/td>\n<\/tr>\n<tr bgcolor=\"#cccccc\">\n<td align=\"center\" width=\"15%\">5\u00ba<\/td>\n<td align=\"center\" width=\"15%\">3<\/td>\n<td align=\"center\" width=\"70%\"><strong>AVL; FEV; MAHLE; Mercedes-Benz; UNICAMP<\/strong><\/td>\n<\/tr>\n<tr>\n<td align=\"center\" width=\"15%\">6\u00ba<\/td>\n<td align=\"center\" width=\"15%\">2<\/td>\n<td align=\"center\" width=\"70%\"><strong>ATS; ICONIC; Instituto Nacional de Tecnologia; UNESP; Vibra Energia; Volvo do Brasil Ltda<\/strong><\/td>\n<\/tr>\n<tr bgcolor=\"#cccccc\">\n<td align=\"center\" width=\"15%\">7\u00ba<\/td>\n<td align=\"center\" width=\"15%\">1<\/td>\n<td align=\"center\" width=\"70%\"><strong>AETHRA SISTEMAS AUTOMOTIVOS; BASF; ESG Consultoria; FATEC; FATEC &#8211; Sorocaba; Idemitsu; Idiada; Instituto de Tecnologia para o Desenvolvimento; Instituto Superior de Engenharia de Lisboa; Instituto Superior T\u00e9cnico; Nanostar &#8211; Materiais &amp; Flu\u00eddos Qu\u00e2nticos; Schaeffler Brasil; Senai Conde Jos\u00e9 Vicente de Azevedo; Tupy SA; Univ. de Bras\u00edlia; Univ. Fed. de Minas Gerais; Univ. Fed. de Ouro Preto; Univ. Fed. de Pernambuco; Univ. Fed. de Santa Catarina; Univ. Fed. de Santa Maria; Univ. Fed. do ABC; Univ. Fed. do Rio de Janeiro; Univ. Fed. Fluminense; Zhejiang Xinchai<\/strong><\/td>\n<\/tr>\n<\/tbody>\n<\/table>\n<p><\/p>","protected":false},"excerpt":{"rendered":"<p>Order Papers (cada) Company \/ University (general) (Papers) 1\u00ba 9 Robert Bosch Ltda 2\u00ba 6 Poli-USP; Volkswagen 3\u00ba 5 PETROBRAS 4\u00ba 4 Horse; Univ. Tecnol\u00f3gica Federal do Paran\u00e1 \u2013 UTFPR 5\u00ba 3 AVL; FEV; MAHLE; Mercedes-Benz; UNICAMP 6\u00ba 2 ATS; ICONIC; Instituto Nacional de Tecnologia; UNESP; Vibra Energia; Volvo do Brasil Ltda 7\u00ba 1 AETHRA SISTEMAS AUTOMOTIVOS; BASF; ESG Consultoria; FATEC; FATEC &#8211; Sorocaba; Idemitsu; Idiada; Instituto de Tecnologia para [&hellip;]<\/p>\n","protected":false},"author":1,"featured_media":0,"parent":0,"menu_order":0,"comment_status":"closed","ping_status":"closed","template":"other_template.php","meta":{"_acf_changed":false,"ngg_post_thumbnail":0,"footnotes":""},"class_list":["post-1922","page","type-page","status-publish","hentry"],"acf":[],"_links":{"self":[{"href":"https:\/\/simea.org.br\/2025\/en\/wp-json\/wp\/v2\/pages\/1922","targetHints":{"allow":["GET"]}}],"collection":[{"href":"https:\/\/simea.org.br\/2025\/en\/wp-json\/wp\/v2\/pages"}],"about":[{"href":"https:\/\/simea.org.br\/2025\/en\/wp-json\/wp\/v2\/types\/page"}],"author":[{"embeddable":true,"href":"https:\/\/simea.org.br\/2025\/en\/wp-json\/wp\/v2\/users\/1"}],"replies":[{"embeddable":true,"href":"https:\/\/simea.org.br\/2025\/en\/wp-json\/wp\/v2\/comments?post=1922"}],"version-history":[{"count":8,"href":"https:\/\/simea.org.br\/2025\/en\/wp-json\/wp\/v2\/pages\/1922\/revisions"}],"predecessor-version":[{"id":2521,"href":"https:\/\/simea.org.br\/2025\/en\/wp-json\/wp\/v2\/pages\/1922\/revisions\/2521"}],"wp:attachment":[{"href":"https:\/\/simea.org.br\/2025\/en\/wp-json\/wp\/v2\/media?parent=1922"}],"curies":[{"name":"wp","href":"https:\/\/api.w.org\/{rel}","templated":true}]}}