{"id":110,"date":"2021-12-28T09:12:19","date_gmt":"2021-12-28T12:12:19","guid":{"rendered":"http:\/\/localhost\/simea2022\/?page_id=110"},"modified":"2025-06-24T16:49:36","modified_gmt":"2025-06-24T19:49:36","slug":"area-do-autor","status":"publish","type":"page","link":"https:\/\/simea.org.br\/2025\/pb\/area-do-autor\/","title":{"rendered":"\u00c1rea do autor"},"content":{"rendered":"<p><\/p>\n<h4><strong>Cronograma da chamada de trabalhos<\/strong><\/h4>\n<p>Abertura Chamada de Trabalhos: 21\/11\/2024<\/p>\n<p>Data Limite para Submiss\u00e3o dos resumos: 21\/03\/2025<\/p>\n<p>Aprova\u00e7\u00e3o dos resumos: 10\/04\/2025<\/p>\n<p>Envio do trabalho final: 16\/05\/2025<\/p>\n<p>Divulga\u00e7\u00e3o da aprova\u00e7\u00e3o do trabalho: 11\/07\/2025<\/p>\n<hr>\n<p><strong>Status da an\u00e1lise do resumo<\/strong><\/h4>\n<p>Para conferir o status da an\u00e1lise do resumo, enviar os trabalhos finais e a avalia\u00e7\u00e3o dos trabalhos, acesse: <a href=\"https:\/\/www.eventweb.com.br\/simea2025\/\" target=\"_blank\" rel=\"noreferer noopener\">https:\/\/www.eventweb.com.br\/simea2025\/<\/a>.<\/p>\n<div class=\"row pt-5\">\n<div class=\"col-md-4\"><a class=\"btn btn-main-md col-12\" href=\"https:\/\/www.aea.org.br\/home\/wp-content\/uploads\/2024\/11\/Chamada-Trabalhos-SIMEA-2025-Portugues.pdf\">REGULAMENTO<\/a><\/div>\n<div class=\"col-md-4\"><a class=\"btn btn-main-md col-12\" href=\"#\">INSTRU\u00c7\u00d5ES<\/a><\/div>\n<div class=\"col-md-4\"><a class=\"btn btn-main-md col-12\" href=\"https:\/\/www.eventweb.com.br\/simea2025\/home-event\/\" target=\"_blank\" rel=\"noopener\">ACESSO AO SISTEMA<\/a><\/div>\n<\/div>\n<p><\/p>","protected":false},"excerpt":{"rendered":"<p>Cronograma da chamada de trabalhos Abertura Chamada de Trabalhos: 21\/11\/2024 Data Limite para Submiss\u00e3o dos resumos: 21\/03\/2025 Aprova\u00e7\u00e3o dos resumos: 10\/04\/2025 Envio do trabalho final: 16\/05\/2025 Divulga\u00e7\u00e3o da aprova\u00e7\u00e3o do trabalho: 11\/07\/2025 Status da an\u00e1lise do resumo Para conferir o status da an\u00e1lise do resumo, enviar os trabalhos finais e a avalia\u00e7\u00e3o dos trabalhos, acesse: https:\/\/www.eventweb.com.br\/simea2025\/. REGULAMENTO INSTRU\u00c7\u00d5ES ACESSO AO SISTEMA<\/p>\n","protected":false},"author":1,"featured_media":0,"parent":0,"menu_order":1,"comment_status":"closed","ping_status":"closed","template":"other_template.php","meta":{"_acf_changed":false,"ngg_post_thumbnail":0,"footnotes":""},"class_list":["post-110","page","type-page","status-publish","hentry"],"acf":[],"_links":{"self":[{"href":"https:\/\/simea.org.br\/2025\/pb\/wp-json\/wp\/v2\/pages\/110","targetHints":{"allow":["GET"]}}],"collection":[{"href":"https:\/\/simea.org.br\/2025\/pb\/wp-json\/wp\/v2\/pages"}],"about":[{"href":"https:\/\/simea.org.br\/2025\/pb\/wp-json\/wp\/v2\/types\/page"}],"author":[{"embeddable":true,"href":"https:\/\/simea.org.br\/2025\/pb\/wp-json\/wp\/v2\/users\/1"}],"replies":[{"embeddable":true,"href":"https:\/\/simea.org.br\/2025\/pb\/wp-json\/wp\/v2\/comments?post=110"}],"version-history":[{"count":31,"href":"https:\/\/simea.org.br\/2025\/pb\/wp-json\/wp\/v2\/pages\/110\/revisions"}],"predecessor-version":[{"id":2017,"href":"https:\/\/simea.org.br\/2025\/pb\/wp-json\/wp\/v2\/pages\/110\/revisions\/2017"}],"wp:attachment":[{"href":"https:\/\/simea.org.br\/2025\/pb\/wp-json\/wp\/v2\/media?parent=110"}],"curies":[{"name":"wp","href":"https:\/\/api.w.org\/{rel}","templated":true}]}}