{"id":114,"date":"2021-12-28T09:45:47","date_gmt":"2021-12-28T12:45:47","guid":{"rendered":"http:\/\/localhost\/simea2022\/?page_id=114"},"modified":"2025-06-24T16:48:33","modified_gmt":"2025-06-24T19:48:33","slug":"call-for-papers","status":"publish","type":"page","link":"https:\/\/simea.org.br\/2025\/pb\/call-for-papers\/","title":{"rendered":"Chamada de trabalhos"},"content":{"rendered":"<p><\/p>\n<h4>S\u00e3o aceitas propostas de artigos t\u00e9cnicos sobre todos os assuntos relacionados com a Engenharia Automotiva, agrupados nos seguintes grandes temas:<\/h4>\n<p>&nbsp;<\/p>\n<p>1) Transforma\u00e7\u00e3o digital<br \/>\n2) Gerenciamento de Energia e Powertrain avan\u00e7ados<br \/>\n3) Emiss\u00f5es e poluentes veiculares<br \/>\n4) Combust\u00edveis e lubrificantes convencionais e alternativos<br \/>\n5) Bem-estar\/Conforto embarcado<br \/>\n6) Mobilidade aut\u00f4noma e conectada<br \/>\n7) Din\u00e2mica e controle veicular<br \/>\n8) Seguran\u00e7a passiva e integral<br \/>\n9) Eletr\u00f4nica e software veicular<br \/>\n10) Manufatura, materiais e mitiga\u00e7\u00e3o de peso embarcado<\/p>\n<hr>\n<p><strong>CALEND\u00c1RIO<\/strong><\/p>\n<p>Abertura Chamada de Trabalhos: 21\/11\/2024<\/p>\n<p>Data Limite para Submiss\u00e3o dos resumos: 21\/03\/2025<\/p>\n<p>Aprova\u00e7\u00e3o dos resumos: 10\/04\/2025<\/p>\n<p>Envio do trabalho final: 16\/05\/2025<\/p>\n<p>Divulga\u00e7\u00e3o da aprova\u00e7\u00e3o do trabalho: 11\/07\/2025<\/p>\n<div class=\"row pt-5\">\n<div class=\"col-md-4\"><a class=\"btn btn-main-md col-12\" href=\"https:\/\/www.aea.org.br\/home\/wp-content\/uploads\/2024\/11\/Chamada-Trabalhos-SIMEA-2025-Portugues.pdf\">REGULAMENTO<\/a><\/div>\n<div class=\"col-md-4\"><a class=\"btn btn-main-md col-12\" href=\"#\">INSTRU\u00c7\u00d5ES<\/a><\/div>\n<div class=\"col-md-4\"><a class=\"btn btn-main-md col-12\" href=\"https:\/\/www.eventweb.com.br\/simea2025\/home-event\/\" target=\"_blank\" rel=\"noopener\">ACESSO AO SISTEMA<\/a><\/div>\n<\/div>\n<p><\/p>","protected":false},"excerpt":{"rendered":"<p>S\u00e3o aceitas propostas de artigos t\u00e9cnicos sobre todos os assuntos relacionados com a Engenharia Automotiva, agrupados nos seguintes grandes temas: &nbsp; 1) Transforma\u00e7\u00e3o digital 2) Gerenciamento de Energia e Powertrain avan\u00e7ados 3) Emiss\u00f5es e poluentes veiculares 4) Combust\u00edveis e lubrificantes convencionais e alternativos 5) Bem-estar\/Conforto embarcado 6) Mobilidade aut\u00f4noma e conectada 7) Din\u00e2mica e controle veicular 8) Seguran\u00e7a passiva e integral 9) Eletr\u00f4nica e software veicular 10) Manufatura, materiais e [&hellip;]<\/p>\n","protected":false},"author":1,"featured_media":0,"parent":0,"menu_order":2,"comment_status":"closed","ping_status":"closed","template":"other_template.php","meta":{"_acf_changed":false,"ngg_post_thumbnail":0,"footnotes":""},"class_list":["post-114","page","type-page","status-publish","hentry"],"acf":[],"_links":{"self":[{"href":"https:\/\/simea.org.br\/2025\/pb\/wp-json\/wp\/v2\/pages\/114","targetHints":{"allow":["GET"]}}],"collection":[{"href":"https:\/\/simea.org.br\/2025\/pb\/wp-json\/wp\/v2\/pages"}],"about":[{"href":"https:\/\/simea.org.br\/2025\/pb\/wp-json\/wp\/v2\/types\/page"}],"author":[{"embeddable":true,"href":"https:\/\/simea.org.br\/2025\/pb\/wp-json\/wp\/v2\/users\/1"}],"replies":[{"embeddable":true,"href":"https:\/\/simea.org.br\/2025\/pb\/wp-json\/wp\/v2\/comments?post=114"}],"version-history":[{"count":42,"href":"https:\/\/simea.org.br\/2025\/pb\/wp-json\/wp\/v2\/pages\/114\/revisions"}],"predecessor-version":[{"id":2016,"href":"https:\/\/simea.org.br\/2025\/pb\/wp-json\/wp\/v2\/pages\/114\/revisions\/2016"}],"wp:attachment":[{"href":"https:\/\/simea.org.br\/2025\/pb\/wp-json\/wp\/v2\/media?parent=114"}],"curies":[{"name":"wp","href":"https:\/\/api.w.org\/{rel}","templated":true}]}}