{"id":159,"date":"2022-01-11T15:35:35","date_gmt":"2022-01-11T18:35:35","guid":{"rendered":"http:\/\/hub.aptor.software\/simea2022\/?page_id=159"},"modified":"2025-06-24T16:47:22","modified_gmt":"2025-06-24T19:47:22","slug":"sobre-o-simea","status":"publish","type":"page","link":"https:\/\/simea.org.br\/2025\/pb\/sobre-o-simea\/","title":{"rendered":"Sobre o SIMEA"},"content":{"rendered":"<p><\/p>\n<h4><b><span data-contrast=\"auto\">Prepare-se para o mais completo evento t\u00e9cnico de engenharia automotiva do Pa\u00eds.<\/span><\/b><span data-ccp-props=\"{&quot;201341983&quot;:0,&quot;335559739&quot;:200,&quot;335559740&quot;:276}\">&nbsp;<\/span><\/h4>\n<p><strong>O XXXII Simp\u00f3sio Internacional de Engenharia Automotiva (SIMEA 2025)<\/strong> \u00e9 o evento de destaque organizado pela AEA &#8211; Associa\u00e7\u00e3o Brasileira de Engenharia Automotiva, e abordar\u00e1 o tema atual e relevante: \u201c<strong>Tecnologia e Mobilidade: Futuro Inteligente e Sustent\u00e1vel.\u201d<\/strong><\/p>\n<p>Com o crescimento populacional e a expans\u00e3o urbana no Brasil e no mundo, torna-se essencial desenvolver tecnologias que n\u00e3o apenas aprimorem a mobilidade, mas tamb\u00e9m contribuam para a sustentabilidade. A ado\u00e7\u00e3o de inova\u00e7\u00f5es como ve\u00edculos movidos a combust\u00edveis alternativos, sistemas de transporte aut\u00f4nomos e a integra\u00e7\u00e3o de tecnologias digitais pode transformar significativamente a infraestrutura de transporte, reduzir a depend\u00eancia de combust\u00edveis f\u00f3sseis e diminuir as emiss\u00f5es de poluentes. Para a engenharia automotiva, isso representa uma oportunidade de liderar a transi\u00e7\u00e3o para um futuro mais verde e inteligente, promovendo avan\u00e7os tecnol\u00f3gicos que beneficiem tanto a sociedade quanto o meio ambiente.<\/p>\n<p>O tema &#8220;Tecnologia e Mobilidade: Futuro Inteligente e Sustent\u00e1vel&#8221; \u00e9 chave para enfrentar os desafios contempor\u00e2neos da mobilidade. Durante os dois dias de evento, a agenda abordar\u00e1 t\u00f3picos cruciais como a Transforma\u00e7\u00e3o Digital, Novas Tecnologias de Energia e Powertrain, Manufatura e Materiais e Mobilidade Aut\u00f4noma e Conectada. Programas governamentais como MOVER e Combust\u00edvel do Futuro tamb\u00e9m estar\u00e3o em discuss\u00e3o, com foco em sua implementa\u00e7\u00e3o e desafios para a ind\u00fastria.<\/p>\n<p>O SIMEA 2025 ser\u00e1 uma plataforma para a troca de conhecimentos e a colabora\u00e7\u00e3o entre diferentes setores, visando um futuro em que a mobilidade seja mais inteligente, eficiente e sustent\u00e1vel. O evento reunir\u00e1 especialistas, pesquisadores, engenheiros e profissionais da ind\u00fastria automotiva para discutir e apresentar inova\u00e7\u00f5es tecnol\u00f3gicas que ajudar\u00e3o a moldar o futuro da mobilidade. A participa\u00e7\u00e3o no evento permitir\u00e1 que os profissionais se atualizem sobre as \u00faltimas tend\u00eancias e inova\u00e7\u00f5es, al\u00e9m de contribuir para o desenvolvimento de solu\u00e7\u00f5es que beneficiem a sociedade como um todo. Esperamos que voc\u00ea se junte a n\u00f3s para mais este evento de destaque.<\/p>\n<div class=\"row text-center pt-2\">\n<div class=\"col\"><a class=\"btn btn-lg btn-primary\" href=\"https:\/\/www.eventweb.com.br\/simea2025\" target=\"_blank\" rel=\"noopener\">Acesso ao sistema de trabalhos t\u00e9cnicos<\/a><\/div>\n<\/div>\n<p><\/p>","protected":false},"excerpt":{"rendered":"<p>Prepare-se para o mais completo evento t\u00e9cnico de engenharia automotiva do Pa\u00eds.&nbsp; O XXXII Simp\u00f3sio Internacional de Engenharia Automotiva (SIMEA 2025) \u00e9 o evento de destaque organizado pela AEA &#8211; Associa\u00e7\u00e3o Brasileira de Engenharia Automotiva, e abordar\u00e1 o tema atual e relevante: \u201cTecnologia e Mobilidade: Futuro Inteligente e Sustent\u00e1vel.\u201d Com o crescimento populacional e a expans\u00e3o urbana no Brasil e no mundo, torna-se essencial desenvolver tecnologias que n\u00e3o apenas aprimorem [&hellip;]<\/p>\n","protected":false},"author":1,"featured_media":0,"parent":0,"menu_order":0,"comment_status":"closed","ping_status":"closed","template":"other_template.php","meta":{"_acf_changed":false,"ngg_post_thumbnail":0,"footnotes":""},"class_list":["post-159","page","type-page","status-publish","hentry"],"acf":[],"_links":{"self":[{"href":"https:\/\/simea.org.br\/2025\/pb\/wp-json\/wp\/v2\/pages\/159","targetHints":{"allow":["GET"]}}],"collection":[{"href":"https:\/\/simea.org.br\/2025\/pb\/wp-json\/wp\/v2\/pages"}],"about":[{"href":"https:\/\/simea.org.br\/2025\/pb\/wp-json\/wp\/v2\/types\/page"}],"author":[{"embeddable":true,"href":"https:\/\/simea.org.br\/2025\/pb\/wp-json\/wp\/v2\/users\/1"}],"replies":[{"embeddable":true,"href":"https:\/\/simea.org.br\/2025\/pb\/wp-json\/wp\/v2\/comments?post=159"}],"version-history":[{"count":19,"href":"https:\/\/simea.org.br\/2025\/pb\/wp-json\/wp\/v2\/pages\/159\/revisions"}],"predecessor-version":[{"id":2015,"href":"https:\/\/simea.org.br\/2025\/pb\/wp-json\/wp\/v2\/pages\/159\/revisions\/2015"}],"wp:attachment":[{"href":"https:\/\/simea.org.br\/2025\/pb\/wp-json\/wp\/v2\/media?parent=159"}],"curies":[{"name":"wp","href":"https:\/\/api.w.org\/{rel}","templated":true}]}}