{"id":167,"date":"2022-01-11T16:26:18","date_gmt":"2022-01-11T19:26:18","guid":{"rendered":"http:\/\/hub.aptor.software\/simea2022\/?page_id=167"},"modified":"2025-09-01T08:23:13","modified_gmt":"2025-09-01T11:23:13","slug":"downloads","status":"publish","type":"page","link":"https:\/\/simea.org.br\/2025\/pb\/downloads\/","title":{"rendered":"Downloads"},"content":{"rendered":"<p><\/p>\n<h4><b><span data-contrast=\"auto\">Conte\u00fado\u202fAudit\u00f3rio<\/span><\/b><span data-ccp-props=\"{&quot;201341983&quot;:0,&quot;335559739&quot;:200,&quot;335559740&quot;:276}\">&nbsp;<\/span><\/h4>\n<p><b><span data-contrast=\"auto\">O material apresentado nas palestras \u00e9 disponibilizado a todos que estiveram presentes no evento.<\/span><\/b><br \/>\n<span data-contrast=\"auto\">Para fazer o download voc\u00ea dever\u00e1 utilizar seu c\u00f3digo de acesso, que \u00e9 enviado por email.<\/span><span data-ccp-props=\"{&quot;201341983&quot;:0,&quot;335559739&quot;:200,&quot;335559740&quot;:276}\">&nbsp;<\/span><\/p>\n<p><span data-contrast=\"auto\">Edi\u00e7\u00f5es&nbsp;<\/span><span data-ccp-props=\"{&quot;201341983&quot;:0,&quot;335559739&quot;:200,&quot;335559740&quot;:240}\">&nbsp;<\/span><\/p>\n<p>2023: <a href=\"https:\/\/www.simea.org.br\/download\/2023\/\" target=\"_blank\" rel=\"noopener\">https:\/\/www.simea.org.br\/download\/2023\/<\/a><\/p>\n<p>2024: <a href=\"https:\/\/simea.org.br\/download\/2024\/\" target=\"_blank\" rel=\"noopener\">https:\/\/simea.org.br\/download\/2024\/<\/a><\/p>\n<p>2025: <a href=\"https:\/\/simea.org.br\/download\/2025\" target=\"_blank\" rel=\"noopener\">https:\/\/simea.org.br\/download\/2025<\/a><\/p>\n<p>&nbsp;<\/p>\n<h4><b><span data-contrast=\"auto\">Conte\u00fado\u202fT\u00e9cnico<\/span><\/b><span data-ccp-props=\"{&quot;201341983&quot;:0,&quot;335559739&quot;:200,&quot;335559740&quot;:276}\">&nbsp;<\/span><\/h4>\n<p><span data-contrast=\"auto\">Os trabalhos apresentados em sess\u00f5es t\u00e9cnicas do SIMEA s\u00e3o disponibilizados para o p\u00fablico em geral por meio do sistema Open Access Blucher Proceedings.<\/span><span data-ccp-props=\"{&quot;201341983&quot;:0,&quot;335559739&quot;:200,&quot;335559740&quot;:276}\">&nbsp;<\/span><\/p>\n<p><span data-contrast=\"auto\">Edi\u00e7\u00f5es&nbsp;<\/span><span data-ccp-props=\"{&quot;201341983&quot;:0,&quot;335559739&quot;:200,&quot;335559740&quot;:240}\">&nbsp;<\/span><\/p>\n<p>2023: <a href=\"https:\/\/www.proceedings.blucher.com.br\/article-list\/simes2023-385\/list#articles\" target=\"_blank\" rel=\"noopener\">https:\/\/www.proceedings.blucher.com.br\/article-list\/simes2023-385\/list#articles<\/a><\/p>\n<p>2024: <a href=\"https:\/\/www.proceedings.blucher.com.br\/article-list\/simea2024-397\/list#articles\" target=\"_blank\" rel=\"noopener\">https:\/\/www.proceedings.blucher.com.br\/article-list\/simea2024-397\/list#articles<\/a><\/p>\n<p>2025: <a href=\"https:\/\/www.proceedings.blucher.com.br\/article-list\/simea2025-405\/list#articles\" target=\"_blank\" rel=\"noopener\">https:\/\/www.proceedings.blucher.com.br\/article-list\/simea2025-405\/list#articles<\/a><\/p>","protected":false},"excerpt":{"rendered":"<p>Conte\u00fado\u202fAudit\u00f3rio&nbsp; O material apresentado nas palestras \u00e9 disponibilizado a todos que estiveram presentes no evento. Para fazer o download voc\u00ea dever\u00e1 utilizar seu c\u00f3digo de acesso, que \u00e9 enviado por email.&nbsp; Edi\u00e7\u00f5es&nbsp;&nbsp; 2023: https:\/\/www.simea.org.br\/download\/2023\/ 2024: https:\/\/simea.org.br\/download\/2024\/ 2025: https:\/\/simea.org.br\/download\/2025 &nbsp; Conte\u00fado\u202fT\u00e9cnico&nbsp; Os trabalhos apresentados em sess\u00f5es t\u00e9cnicas do SIMEA s\u00e3o disponibilizados para o p\u00fablico em geral por meio do sistema Open Access Blucher Proceedings.&nbsp; Edi\u00e7\u00f5es&nbsp;&nbsp; 2023: https:\/\/www.proceedings.blucher.com.br\/article-list\/simes2023-385\/list#articles 2024: https:\/\/www.proceedings.blucher.com.br\/article-list\/simea2024-397\/list#articles 2025: https:\/\/www.proceedings.blucher.com.br\/article-list\/simea2025-405\/list#articles<\/p>\n","protected":false},"author":1,"featured_media":0,"parent":0,"menu_order":4,"comment_status":"closed","ping_status":"closed","template":"other_template.php","meta":{"_acf_changed":false,"ngg_post_thumbnail":0,"footnotes":""},"class_list":["post-167","page","type-page","status-publish","hentry"],"acf":[],"_links":{"self":[{"href":"https:\/\/simea.org.br\/2025\/pb\/wp-json\/wp\/v2\/pages\/167","targetHints":{"allow":["GET"]}}],"collection":[{"href":"https:\/\/simea.org.br\/2025\/pb\/wp-json\/wp\/v2\/pages"}],"about":[{"href":"https:\/\/simea.org.br\/2025\/pb\/wp-json\/wp\/v2\/types\/page"}],"author":[{"embeddable":true,"href":"https:\/\/simea.org.br\/2025\/pb\/wp-json\/wp\/v2\/users\/1"}],"replies":[{"embeddable":true,"href":"https:\/\/simea.org.br\/2025\/pb\/wp-json\/wp\/v2\/comments?post=167"}],"version-history":[{"count":15,"href":"https:\/\/simea.org.br\/2025\/pb\/wp-json\/wp\/v2\/pages\/167\/revisions"}],"predecessor-version":[{"id":2526,"href":"https:\/\/simea.org.br\/2025\/pb\/wp-json\/wp\/v2\/pages\/167\/revisions\/2526"}],"wp:attachment":[{"href":"https:\/\/simea.org.br\/2025\/pb\/wp-json\/wp\/v2\/media?parent=167"}],"curies":[{"name":"wp","href":"https:\/\/api.w.org\/{rel}","templated":true}]}}