{"id":169,"date":"2022-01-11T16:30:29","date_gmt":"2022-01-11T19:30:29","guid":{"rendered":"http:\/\/hub.aptor.software\/simea2022\/?page_id=169"},"modified":"2025-07-25T11:20:17","modified_gmt":"2025-07-25T14:20:17","slug":"guia","status":"publish","type":"page","link":"https:\/\/simea.org.br\/2025\/pb\/guia\/","title":{"rendered":"Guia"},"content":{"rendered":"<p><\/p>\n<h4><em><b>LOCAL E ACESSO<\/b>&nbsp;<\/em><\/h4>\n<p><em>O SIMEA ser\u00e1 realizado no <strong>Novotel Center Norte<\/strong>, localizado em S\u00e3o Paulo. &nbsp;<\/em><\/p>\n<p><em>Novotel Center Norte<\/em><\/p>\n<p><em>Avenida Zaki Narchi 500, 02029-000 &#8211; &nbsp;S\u00e3o Paulo- SP<\/em><\/p>\n<p><em><strong>Acesso<\/strong><\/em><\/p>\n<p><em>Os valores de estacionamento no Novotel S\u00e3o Paulo Center Norte s\u00e3o:<\/em><\/p>\n<p><em>Para clientes n\u00e3o hospedados (por ve\u00edculo\/ por per\u00edodo)<\/em><br \/>\n<em>Per\u00edodo at\u00e9 06h: R$ 40,00<\/em><br \/>\n<em>Per\u00edodo at\u00e9 12h: R$ 50,00<\/em><br \/>\n<em>Per\u00edodo at\u00e9 24h: R$ 60,00<\/em><\/p>\n<p><em>Para clientes hospedados (por ve\u00edculos\/ao dia)<\/em><br \/>\n<em>Autom\u00f3veis: R$ 45,00<\/em><\/p>\n<p><em>Para \u00d4nibus e Caminh\u00f5es o valor \u00e9 a partir de R$ 150,00<\/em><\/p>\n<p><em>O&nbsp;Novotel Center Norte est\u00e1 localizado a 18km do Aeroporto de Congonhas, a 13km do Aeroporto Internacional de Guarulhos.<\/em><\/p>\n<p><em>10 minutos a p\u00e9 do Terminal Rodovi\u00e1rio Tiet\u00ea.<\/em><br \/>\n<em>10 minutos a p\u00e9 da esta\u00e7\u00e3o de metr\u00f4 Carandiru.<\/em><\/p>\n<p><em>_________________________________<\/em><\/p>\n<h4><em><b>HOSPEDAGEM<\/b>&nbsp;<\/em><\/h4>\n<p><em>S\u00e3o Paulo tem a melhor estrutura hoteleira do pa\u00eds, onde as principais redes nacionais e internacionais est\u00e3o presentes, muitas delas bem pr\u00f3ximas ao local de realiza\u00e7\u00e3o do SIMEA.&nbsp;<\/em><\/p>\n<p><em><b>Veja abaixo as op\u00e7\u00f5es pr\u00f3ximas do local:<\/b>&nbsp;<\/em><\/p>\n<p><em><strong>Novotel S\u00e3o Paulo Center Norte <\/strong><\/em><\/p>\n<p><em>Av. Zaki Narchi, 500 &#8211; Vila Guilherme, S\u00e3o Paulo &#8211; SP, 02029-000<\/em><\/p>\n<div class=\"QsDR1c\">\n<div class=\"wDYxhc\" lang=\"pt-BR\" data-attrid=\"kc:\/collection\/knowledge_panels\/has_phone:phone\" data-md=\"1006\" data-hveid=\"CIEBEAA\" data-ved=\"2ahUKEwj50r3S2-b4AhWnDLkGHYaDBbEQkCl6BQiBARAA\">\n<div class=\"Z1hOCe\">\n<div class=\"zloOqf PZPZlf\" data-dtype=\"d3ifr\" data-local-attribute=\"d3ph\" data-ved=\"2ahUKEwj50r3S2-b4AhWnDLkGHYaDBbEQ8I0BKAB6BQiBARAB\"><em><span class=\"w8qArf\">Telefone:&nbsp;<\/span><span class=\"LrzXr zdqRlf kno-fv\"><span aria-label=\"Ligar para (11) 2224-4000\">(11) 2224-4000<\/span><\/span><\/em><\/div>\n<\/div>\n<\/div>\n<div data-dtype=\"d3ifr\" data-local-attribute=\"d3ph\" data-ved=\"2ahUKEwj50r3S2-b4AhWnDLkGHYaDBbEQ8I0BKAB6BQiBARAB\">Email: reservas.novotelcenternorte@accor.com&nbsp;<\/div>\n<div class=\"wDYxhc\" lang=\"pt-BR\" data-attrid=\"kc:\/collection\/knowledge_panels\/has_phone:phone\" data-md=\"1006\" data-hveid=\"CIEBEAA\" data-ved=\"2ahUKEwj50r3S2-b4AhWnDLkGHYaDBbEQkCl6BQiBARAA\">\n<div class=\"Z1hOCe\">\n<p><em>Link para reservas com desconto para participantes do evento: <\/em><br \/>\n<em>Atrav\u00e9s do link para reserva h\u00e1 o desconto de 15%: <a href=\"https:\/\/all.accor.com\/lien_externe.svlt?goto=rech_resa&amp;destination=2992&amp;sourceid=CONGR1&amp;dayIn=12&amp;monthIn=08&amp;yearIn=2025&amp;nightNb=1&amp;preferredCode=CONGR1&amp;merchantid=par-accorFR\">https:\/\/all.accor.com\/lien_externe.svlt?goto=rech_resa&amp;destination=2992&amp;sourceid=CONGR1&amp;dayIn=12&amp;monthIn=08&amp;yearIn=2025&amp;nightNb=1&amp;preferredCode=CONGR1&amp;merchantid=par-accorFR<\/a><\/em><\/p>\n<\/div>\n<p class=\"QORQHb r77R5e\"><em><strong>Wyndham Garden Convention Nortel<\/strong><\/em><\/p>\n<p><em><span class=\"CFH2De\">Av. Luiz Dumont Villares, 400 &#8211; Santana, S\u00e3o Paulo &#8211; SP, 02085-000<\/span><\/em><\/p>\n<p><em><span class=\"CFH2De\" dir=\"ltr\">Telefone:(11) 2972-8111<\/span><\/em><\/p>\n<h4>__________________<\/h4>\n<h4><em><b>ALIMENTA\u00c7\u00c3O<\/b>&nbsp;<\/em><\/h4>\n<p><em>Os participantes ter\u00e3o direito a Welcome Coffee e Coffee break nos dois dias do evento que ser\u00e1 servido na \u00e1rea de exposi\u00e7\u00e3o.<br \/>\n<\/em><\/p>\n<p><em>O SIMEA est\u00e1 em uma localiza\u00e7\u00e3o privilegiada em rela\u00e7\u00e3o a bons restaurantes para o almo\u00e7o (o mesmo n\u00e3o est\u00e1 incluso).<\/em><\/p>\n<p><em>Op\u00e7\u00e3o<\/em><\/p>\n<p><strong><em>Novotel Center Norte \u2013 Goumert Bar &#8211; Lobby do Hotel&nbsp;<\/em><\/strong><\/p>\n<p><em>Valor por pessoa R$ 104,00 (bebida n\u00e3o alco\u00f3lica inclusa e sem incluir taxa de servi\u00e7os)<\/em><\/p>\n<p><em><strong>Shopping Center Norte&nbsp;<\/strong><\/em><\/p>\n<p><em><strong>Pra\u00e7a de Alimenta\u00e7\u00e3o <\/strong><\/em><\/p>\n<p><em>Acesso de pedestre pelo Supermercado Carrefour<\/em><\/p>\n<div>\n<p class=\"QORQHb r77R5e\">&nbsp;<\/p>\n<\/div>\n<\/div>\n<\/div>\n<p><\/p>","protected":false},"excerpt":{"rendered":"<p>LOCAL E ACESSO&nbsp; O SIMEA ser\u00e1 realizado no Novotel Center Norte, localizado em S\u00e3o Paulo. &nbsp; Novotel Center Norte Avenida Zaki Narchi 500, 02029-000 &#8211; &nbsp;S\u00e3o Paulo- SP Acesso Os valores de estacionamento no Novotel S\u00e3o Paulo Center Norte s\u00e3o: Para clientes n\u00e3o hospedados (por ve\u00edculo\/ por per\u00edodo) Per\u00edodo at\u00e9 06h: R$ 40,00 Per\u00edodo at\u00e9 12h: R$ 50,00 Per\u00edodo at\u00e9 24h: R$ 60,00 Para clientes hospedados (por ve\u00edculos\/ao dia) Autom\u00f3veis: [&hellip;]<\/p>\n","protected":false},"author":1,"featured_media":0,"parent":0,"menu_order":5,"comment_status":"closed","ping_status":"closed","template":"other_template.php","meta":{"_acf_changed":false,"ngg_post_thumbnail":0,"footnotes":""},"class_list":["post-169","page","type-page","status-publish","hentry"],"acf":[],"_links":{"self":[{"href":"https:\/\/simea.org.br\/2025\/pb\/wp-json\/wp\/v2\/pages\/169","targetHints":{"allow":["GET"]}}],"collection":[{"href":"https:\/\/simea.org.br\/2025\/pb\/wp-json\/wp\/v2\/pages"}],"about":[{"href":"https:\/\/simea.org.br\/2025\/pb\/wp-json\/wp\/v2\/types\/page"}],"author":[{"embeddable":true,"href":"https:\/\/simea.org.br\/2025\/pb\/wp-json\/wp\/v2\/users\/1"}],"replies":[{"embeddable":true,"href":"https:\/\/simea.org.br\/2025\/pb\/wp-json\/wp\/v2\/comments?post=169"}],"version-history":[{"count":29,"href":"https:\/\/simea.org.br\/2025\/pb\/wp-json\/wp\/v2\/pages\/169\/revisions"}],"predecessor-version":[{"id":2199,"href":"https:\/\/simea.org.br\/2025\/pb\/wp-json\/wp\/v2\/pages\/169\/revisions\/2199"}],"wp:attachment":[{"href":"https:\/\/simea.org.br\/2025\/pb\/wp-json\/wp\/v2\/media?parent=169"}],"curies":[{"name":"wp","href":"https:\/\/api.w.org\/{rel}","templated":true}]}}