{"id":899,"date":"2022-12-15T15:53:26","date_gmt":"2022-12-15T18:53:26","guid":{"rendered":"http:\/\/localhost\/simea23\/?page_id=899"},"modified":"2025-08-12T08:53:17","modified_gmt":"2025-08-12T11:53:17","slug":"inscreva-se","status":"publish","type":"page","link":"https:\/\/simea.org.br\/2025\/pb\/inscreva-se\/","title":{"rendered":"Inscreva-se"},"content":{"rendered":"<p><\/p>\n<table border=\"1\" width=\"100%\" cellpadding=\"10\">\n<tbody>\n<tr>\n<td align=\"center\" bgcolor=\"#f2f2f2\"><strong>Associado AEA<\/strong><\/td>\n<td align=\"center\" bgcolor=\"#f2f2f2\"><strong>N\u00e3o Associado<\/strong><\/td>\n<td align=\"center\" bgcolor=\"#f2f2f2\"><strong>Estudante<\/strong><\/td>\n<\/tr>\n<tr>\n<td align=\"center\" bgcolor=\"#f2f2f2\">R$ 270,00<\/td>\n<td align=\"center\" bgcolor=\"#f2f2f2\">R$ 450,00<\/td>\n<td align=\"center\" bgcolor=\"#f2f2f2\">R$ 70,00 (*)<\/td>\n<\/tr>\n<tr>\n<td align=\"center\" bgcolor=\"#f2f2f2\">Inscri\u00e7\u00f5es Antecipadas Encerradas<\/td>\n<td align=\"center\" bgcolor=\"#f2f2f2\">Inscri\u00e7\u00f5es Antecipadas Encerradas<\/td>\n<td align=\"center\" bgcolor=\"#f2f2f2\">Inscri\u00e7\u00f5es Antecipadas Encerradas<\/td>\n<\/tr>\n<\/tbody>\n<\/table>\n<p>(*) v\u00e1lido para cursos de gradua\u00e7\u00e3o, p\u00f3s-gradua\u00e7\u00e3o e mestrado relacionados ao setor automotivo<\/p>\n<p><strong>Formas de Pagamento:<\/strong> Cart\u00e3o de Cr\u00e9dito, Dinheiro ou PIX<\/p>\n<p><strong>Informa\u00e7\u00f5es Complementares:<\/strong><\/p>\n<p>A taxa de inscri\u00e7\u00e3o \u00e9 a mesma para a participa\u00e7\u00e3o em um ou dois dias e n\u00e3o inclui as despesas de estacionamento e almo\u00e7o.<br \/>\nAs notas fiscais ser\u00e3o emitidas pela AEA ap\u00f3s a realiza\u00e7\u00e3o do evento.<br \/>\nS\u00f3 ser\u00e3o aceitos cancelamentos realizados at\u00e9 2 dias \u00fateis antes da realiza\u00e7\u00e3o do evento.<br \/>\nS\u00e3o considerados associados individuais ou funcion\u00e1rios de empresas associadas a AEA.<br \/>\nD\u00favidas contatar eventos@aea.org.br ou whatsapp 11-97681-6815.<\/p>","protected":false},"excerpt":{"rendered":"<p>Associado AEA N\u00e3o Associado Estudante R$ 270,00 R$ 450,00 R$ 70,00 (*) Inscri\u00e7\u00f5es Antecipadas Encerradas Inscri\u00e7\u00f5es Antecipadas Encerradas Inscri\u00e7\u00f5es Antecipadas Encerradas (*) v\u00e1lido para cursos de gradua\u00e7\u00e3o, p\u00f3s-gradua\u00e7\u00e3o e mestrado relacionados ao setor automotivo Formas de Pagamento: Cart\u00e3o de Cr\u00e9dito, Dinheiro ou PIX Informa\u00e7\u00f5es Complementares: A taxa de inscri\u00e7\u00e3o \u00e9 a mesma para a participa\u00e7\u00e3o em um ou dois dias e n\u00e3o inclui as despesas de estacionamento e almo\u00e7o. As [&hellip;]<\/p>\n","protected":false},"author":1,"featured_media":0,"parent":0,"menu_order":0,"comment_status":"closed","ping_status":"closed","template":"other_template.php","meta":{"_acf_changed":false,"ngg_post_thumbnail":0,"footnotes":""},"class_list":["post-899","page","type-page","status-publish","hentry"],"acf":[],"_links":{"self":[{"href":"https:\/\/simea.org.br\/2025\/pb\/wp-json\/wp\/v2\/pages\/899","targetHints":{"allow":["GET"]}}],"collection":[{"href":"https:\/\/simea.org.br\/2025\/pb\/wp-json\/wp\/v2\/pages"}],"about":[{"href":"https:\/\/simea.org.br\/2025\/pb\/wp-json\/wp\/v2\/types\/page"}],"author":[{"embeddable":true,"href":"https:\/\/simea.org.br\/2025\/pb\/wp-json\/wp\/v2\/users\/1"}],"replies":[{"embeddable":true,"href":"https:\/\/simea.org.br\/2025\/pb\/wp-json\/wp\/v2\/comments?post=899"}],"version-history":[{"count":51,"href":"https:\/\/simea.org.br\/2025\/pb\/wp-json\/wp\/v2\/pages\/899\/revisions"}],"predecessor-version":[{"id":2253,"href":"https:\/\/simea.org.br\/2025\/pb\/wp-json\/wp\/v2\/pages\/899\/revisions\/2253"}],"wp:attachment":[{"href":"https:\/\/simea.org.br\/2025\/pb\/wp-json\/wp\/v2\/media?parent=899"}],"curies":[{"name":"wp","href":"https:\/\/api.w.org\/{rel}","templated":true}]}}