{"id":903,"date":"2022-12-15T15:53:57","date_gmt":"2022-12-15T18:53:57","guid":{"rendered":"http:\/\/localhost\/simea23\/?page_id=903"},"modified":"2022-12-15T16:07:48","modified_gmt":"2022-12-15T19:07:48","slug":"contato","status":"publish","type":"page","link":"https:\/\/simea.org.br\/2025\/pb\/contato\/","title":{"rendered":"Contato"},"content":{"rendered":"<p><\/p>\n<div class=\"container\">\n<div class=\"row\">\n<div class=\"col-md-6 mr-auto\">\n                <!-- Subscribe Content --><\/p>\n<div class=\"content\">\n<h3>Endere\u00e7o<span class=\"alternate\"><\/span><\/h3>\n<p><\/p>\n<p>AEA \u2013 Associa\u00e7\u00e3o Brasileira de Engenharia Automotiva<\/p>\n<p>Rua Salvador Corr\u00eaa, 80 \u2013 Aclima\u00e7\u00e3o<\/p>\n<p>S\u00e3o Paulo \u2013 SP \u2013 04109-070<\/p>\n<\/p><\/div>\n<\/p><\/div>\n<div class=\"col-md-6 ml-auto align-self-center\">\n                <!-- Subscription form\n                \n\n<form action=\"#\" class=\"row\">\n                    \n\n<div class=\"col-lg-8 col-md-12\">\n                        <input type=\"email\" class=\"form-control main white mb-lg-0\" placeholder=\"Email\">\n                    <\/div>\n\n\n                    \n\n<div class=\"col-lg-4 col-md-12\">\n                        \n\n<div class=\"subscribe-button\">\n                            <button class=\"btn btn-main-md\">Subscribe<\/button>\n                        <\/div>\n\n\n                    <\/div>\n\n\n                <\/form>\n\n--><\/p>\n<div class=\"content\">\n<h3>Fale Conosco<span class=\"alternate\"><\/span><\/h3>\n<p><\/p>\n<p><b>Tel:<\/b> (11) 5908-4043<\/p>\n<p><b>E-mail:<\/b> eventos@aea.org.br<\/p>\n<p><b>Site:<\/b> www.aea.org.br<\/p>\n<\/p><\/div>\n<\/p><\/div>\n<\/p><\/div>\n<\/p><\/div>\n<p><\/p>","protected":false},"excerpt":{"rendered":"<p>Endere\u00e7o AEA \u2013 Associa\u00e7\u00e3o Brasileira de Engenharia Automotiva Rua Salvador Corr\u00eaa, 80 \u2013 Aclima\u00e7\u00e3o S\u00e3o Paulo \u2013 SP \u2013 04109-070 Fale Conosco Tel: (11) 5908-4043 E-mail: eventos@aea.org.br Site: www.aea.org.br<\/p>\n","protected":false},"author":1,"featured_media":0,"parent":0,"menu_order":0,"comment_status":"closed","ping_status":"closed","template":"other_template.php","meta":{"_acf_changed":false,"ngg_post_thumbnail":0,"footnotes":""},"class_list":["post-903","page","type-page","status-publish","hentry"],"acf":[],"_links":{"self":[{"href":"https:\/\/simea.org.br\/2025\/pb\/wp-json\/wp\/v2\/pages\/903","targetHints":{"allow":["GET"]}}],"collection":[{"href":"https:\/\/simea.org.br\/2025\/pb\/wp-json\/wp\/v2\/pages"}],"about":[{"href":"https:\/\/simea.org.br\/2025\/pb\/wp-json\/wp\/v2\/types\/page"}],"author":[{"embeddable":true,"href":"https:\/\/simea.org.br\/2025\/pb\/wp-json\/wp\/v2\/users\/1"}],"replies":[{"embeddable":true,"href":"https:\/\/simea.org.br\/2025\/pb\/wp-json\/wp\/v2\/comments?post=903"}],"version-history":[{"count":3,"href":"https:\/\/simea.org.br\/2025\/pb\/wp-json\/wp\/v2\/pages\/903\/revisions"}],"predecessor-version":[{"id":918,"href":"https:\/\/simea.org.br\/2025\/pb\/wp-json\/wp\/v2\/pages\/903\/revisions\/918"}],"wp:attachment":[{"href":"https:\/\/simea.org.br\/2025\/pb\/wp-json\/wp\/v2\/media?parent=903"}],"curies":[{"name":"wp","href":"https:\/\/api.w.org\/{rel}","templated":true}]}}